{"id":1573,"date":"2025-02-03T14:09:32","date_gmt":"2025-02-03T14:09:32","guid":{"rendered":"https:\/\/frutifyexotics.com\/?page_id=1573"},"modified":"2025-02-20T13:42:44","modified_gmt":"2025-02-20T13:42:44","slug":"the-frutify-difference","status":"publish","type":"page","link":"https:\/\/frutifyexotics.com\/es\/the-frutify-difference\/","title":{"rendered":"La diferencia de Frutify"},"content":{"rendered":"<div data-elementor-type=\"wp-page\" data-elementor-id=\"1573\" class=\"elementor elementor-1573\">\n\t\t\t\t<div class=\"elementor-element elementor-element-be4946a e-flex e-con-boxed e-con e-parent\" data-id=\"be4946a\" data-element_type=\"container\" data-settings=\"{&quot;background_background&quot;:&quot;classic&quot;,&quot;shape_divider_top&quot;:&quot;curve&quot;}\">\n\t\t\t\t\t<div class=\"e-con-inner\">\n\t\t\t\t<div class=\"elementor-shape elementor-shape-top\" data-negative=\"false\">\n\t\t\t<svg xmlns=\"http:\/\/www.w3.org\/2000\/svg\" viewbox=\"0 0 1000 100\" preserveaspectratio=\"none\">\n    <path class=\"elementor-shape-fill\" d=\"M1000,4.3V0H0v4.3C0.9,23.1,126.7,99.2,500,100S1000,22.7,1000,4.3z\"\/>\n<\/svg>\t\t<\/div>\n\t\t\t\t<div class=\"elementor-element elementor-element-2a5fe3d elementor-widget__width-initial elementor-widget elementor-widget-heading\" data-id=\"2a5fe3d\" data-element_type=\"widget\" data-widget_type=\"heading.default\">\n\t\t\t\t<div class=\"elementor-widget-container\">\n\t\t\t\t\t<h1 class=\"elementor-heading-title elementor-size-default\">Maestros en calidad, veteranos en lo ex\u00f3tico.<\/h1>\t\t\t\t<\/div>\n\t\t\t\t<\/div>\n\t\t\t\t\t<\/div>\n\t\t\t\t<\/div>\n\t\t<div class=\"elementor-element elementor-element-34a5410c e-flex e-con-boxed e-con e-parent\" data-id=\"34a5410c\" data-element_type=\"container\" data-settings=\"{&quot;background_background&quot;:&quot;gradient&quot;}\">\n\t\t\t\t\t<div class=\"e-con-inner\">\n\t\t\t\t<div class=\"elementor-element elementor-element-1eaa0012 elementor-widget elementor-widget-heading\" data-id=\"1eaa0012\" data-element_type=\"widget\" data-widget_type=\"heading.default\">\n\t\t\t\t<div class=\"elementor-widget-container\">\n\t\t\t\t\t<h2 class=\"elementor-heading-title elementor-size-default\">La diferencia de Frutify<\/h2>\t\t\t\t<\/div>\n\t\t\t\t<\/div>\n\t\t<div class=\"elementor-element elementor-element-264fef5b e-con-full e-flex e-con e-child\" data-id=\"264fef5b\" data-element_type=\"container\">\n\t\t<div class=\"elementor-element elementor-element-61b996c3 e-con-full e-flex e-con e-child\" data-id=\"61b996c3\" data-element_type=\"container\" data-settings=\"{&quot;background_background&quot;:&quot;classic&quot;}\">\n\t\t\t\t<div class=\"elementor-element elementor-element-82e0c0c elementor-widget elementor-widget-image\" data-id=\"82e0c0c\" data-element_type=\"widget\" data-widget_type=\"image.default\">\n\t\t\t\t<div class=\"elementor-widget-container\">\n\t\t\t\t\t\t\t\t\t\t\t\t\t\t\t<img decoding=\"async\" src=\"https:\/\/frutifyexotics.com\/wp-content\/uploads\/elementor\/thumbs\/Favicon-Frutify-1-r1scrsm9d1lmptu5mypzvbhb4opmloyi68g1esxh7m.png\" title=\"Favicon-Frutify-1\" alt=\"Favicon-Frutify-1\" loading=\"lazy\" \/>\t\t\t\t\t\t\t\t\t\t\t\t\t\t\t<\/div>\n\t\t\t\t<\/div>\n\t\t\t\t<div class=\"elementor-element elementor-element-522cda74 elementor-widget elementor-widget-image-box\" data-id=\"522cda74\" data-element_type=\"widget\" data-widget_type=\"image-box.default\">\n\t\t\t\t<div class=\"elementor-widget-container\">\n\t\t\t\t\t<div class=\"elementor-image-box-wrapper\"><div class=\"elementor-image-box-content\"><h3 class=\"elementor-image-box-title\">FAST Reactions. Guaranteed<\/h3><p class=\"elementor-image-box-description\">En el acelerado mundo de la fruta, la rapidez es fundamental. Como una empresa familiar bien estructurada y de respuesta \u00e1gil, con una filosof\u00eda interna orientada a soluciones, respondemos r\u00e1pidamente a tus necesidades. Por ello, al igual que priorizamos la calidad, la comunicaci\u00f3n es primordial en nuestras operaciones. <\/p><\/div><\/div>\t\t\t\t<\/div>\n\t\t\t\t<\/div>\n\t\t\t\t<\/div>\n\t\t<div class=\"elementor-element elementor-element-76b25348 e-con-full e-flex e-con e-child\" data-id=\"76b25348\" data-element_type=\"container\" data-settings=\"{&quot;background_background&quot;:&quot;classic&quot;}\">\n\t\t\t\t<div class=\"elementor-element elementor-element-2c76691 elementor-widget elementor-widget-image\" data-id=\"2c76691\" data-element_type=\"widget\" data-widget_type=\"image.default\">\n\t\t\t\t<div class=\"elementor-widget-container\">\n\t\t\t\t\t\t\t\t\t\t\t\t\t\t\t<img decoding=\"async\" src=\"https:\/\/frutifyexotics.com\/wp-content\/uploads\/elementor\/thumbs\/Favicon-Frutify-1-r1scrsm9d1lmptu5mypzvbhb4opmloyi68g1esxh7m.png\" title=\"Favicon-Frutify-1\" alt=\"Favicon-Frutify-1\" loading=\"lazy\" \/>\t\t\t\t\t\t\t\t\t\t\t\t\t\t\t<\/div>\n\t\t\t\t<\/div>\n\t\t\t\t<div class=\"elementor-element elementor-element-3acea631 elementor-widget elementor-widget-image-box\" data-id=\"3acea631\" data-element_type=\"widget\" data-widget_type=\"image-box.default\">\n\t\t\t\t<div class=\"elementor-widget-container\">\n\t\t\t\t\t<div class=\"elementor-image-box-wrapper\"><div class=\"elementor-image-box-content\"><h3 class=\"elementor-image-box-title\">Calidad premium, sin excepci\u00f3n.<\/h3><p class=\"elementor-image-box-description\">Empacamos \u00fanicamente la cr\u00e8me de la cr\u00e8me bajo nuestra marca insignia Passion Glow. Sin atajos. Sin concesiones. Solo excelencia. Cada vez.<\/p><\/div><\/div>\t\t\t\t<\/div>\n\t\t\t\t<\/div>\n\t\t\t\t<\/div>\n\t\t<div class=\"elementor-element elementor-element-52fb3033 e-con-full e-flex e-con e-child\" data-id=\"52fb3033\" data-element_type=\"container\" data-settings=\"{&quot;background_background&quot;:&quot;classic&quot;}\">\n\t\t\t\t<div class=\"elementor-element elementor-element-f676a6d elementor-widget elementor-widget-image\" data-id=\"f676a6d\" data-element_type=\"widget\" data-widget_type=\"image.default\">\n\t\t\t\t<div class=\"elementor-widget-container\">\n\t\t\t\t\t\t\t\t\t\t\t\t\t\t\t<img decoding=\"async\" src=\"https:\/\/frutifyexotics.com\/wp-content\/uploads\/elementor\/thumbs\/Favicon-Frutify-1-r1scrsm9d1lmptu5mypzvbhb4opmloyi68g1esxh7m.png\" title=\"Favicon-Frutify-1\" alt=\"Favicon-Frutify-1\" loading=\"lazy\" \/>\t\t\t\t\t\t\t\t\t\t\t\t\t\t\t<\/div>\n\t\t\t\t<\/div>\n\t\t\t\t<div class=\"elementor-element elementor-element-6da2c71a elementor-widget elementor-widget-image-box\" data-id=\"6da2c71a\" data-element_type=\"widget\" data-widget_type=\"image-box.default\">\n\t\t\t\t<div class=\"elementor-widget-container\">\n\t\t\t\t\t<div class=\"elementor-image-box-wrapper\"><div class=\"elementor-image-box-content\"><h3 class=\"elementor-image-box-title\">Control de MRL y ArfD.<\/h3><p class=\"elementor-image-box-description\">Nos tomamos muy en serio la seguridad alimentaria. Con nuestro monitoreo de transgresiones en triple capa y las verificaciones triples de LMR, ArfD, metales pesados y fosetil antes, durante y despu\u00e9s de la cosecha, garantizamos el cumplimiento incluso de los est\u00e1ndares minoristas m\u00e1s exigentes. Puedes contar con total transparencia y tranquilidad.<\/p><\/div><\/div>\t\t\t\t<\/div>\n\t\t\t\t<\/div>\n\t\t\t\t<\/div>\n\t\t\t\t<\/div>\n\t\t<div class=\"elementor-element elementor-element-6c4ec85d e-con-full e-flex e-con e-child\" data-id=\"6c4ec85d\" data-element_type=\"container\">\n\t\t<div class=\"elementor-element elementor-element-5b4fc5e6 e-con-full e-flex e-con e-child\" data-id=\"5b4fc5e6\" data-element_type=\"container\" data-settings=\"{&quot;background_background&quot;:&quot;classic&quot;}\">\n\t\t\t\t<div class=\"elementor-element elementor-element-621a306 elementor-widget elementor-widget-image\" data-id=\"621a306\" data-element_type=\"widget\" data-widget_type=\"image.default\">\n\t\t\t\t<div class=\"elementor-widget-container\">\n\t\t\t\t\t\t\t\t\t\t\t\t\t\t\t<img decoding=\"async\" src=\"https:\/\/frutifyexotics.com\/wp-content\/uploads\/elementor\/thumbs\/Favicon-Frutify-1-r1scrsm9d1lmptu5mypzvbhb4opmloyi68g1esxh7m.png\" title=\"Favicon-Frutify-1\" alt=\"Favicon-Frutify-1\" loading=\"lazy\" \/>\t\t\t\t\t\t\t\t\t\t\t\t\t\t\t<\/div>\n\t\t\t\t<\/div>\n\t\t\t\t<div class=\"elementor-element elementor-element-68b9bc9b elementor-widget elementor-widget-image-box\" data-id=\"68b9bc9b\" data-element_type=\"widget\" data-widget_type=\"image-box.default\">\n\t\t\t\t<div class=\"elementor-widget-container\">\n\t\t\t\t\t<div class=\"elementor-image-box-wrapper\"><div class=\"elementor-image-box-content\"><h3 class=\"elementor-image-box-title\">Directo de la fuente. Cultivado de forma sostenible.<\/h3><p class=\"elementor-image-box-description\">Operando localmente en Per\u00fa, mantenemos un control total sobre nuestra cadena de suministro verticalmente integrada. Los est\u00e1ndares sociales, la calidad y la seguridad alimentaria no son solo palabras de moda; son la manera en que gestionamos nuestras operaciones, garantizando que nuestros clientes obtengan resultados sin contratiempos y trabajando incansablemente para mantener una alta reputaci\u00f3n. <\/p><\/div><\/div>\t\t\t\t<\/div>\n\t\t\t\t<\/div>\n\t\t\t\t<\/div>\n\t\t<div class=\"elementor-element elementor-element-6af361d3 e-con-full e-flex e-con e-child\" data-id=\"6af361d3\" data-element_type=\"container\" data-settings=\"{&quot;background_background&quot;:&quot;classic&quot;}\">\n\t\t\t\t<div class=\"elementor-element elementor-element-c2def1f elementor-widget elementor-widget-image\" data-id=\"c2def1f\" data-element_type=\"widget\" data-widget_type=\"image.default\">\n\t\t\t\t<div class=\"elementor-widget-container\">\n\t\t\t\t\t\t\t\t\t\t\t\t\t\t\t<img decoding=\"async\" src=\"https:\/\/frutifyexotics.com\/wp-content\/uploads\/elementor\/thumbs\/Favicon-Frutify-1-r1scrsm9d1lmptu5mypzvbhb4opmloyi68g1esxh7m.png\" title=\"Favicon-Frutify-1\" alt=\"Favicon-Frutify-1\" loading=\"lazy\" \/>\t\t\t\t\t\t\t\t\t\t\t\t\t\t\t<\/div>\n\t\t\t\t<\/div>\n\t\t\t\t<div class=\"elementor-element elementor-element-62cc52a5 elementor-widget elementor-widget-image-box\" data-id=\"62cc52a5\" data-element_type=\"widget\" data-widget_type=\"image-box.default\">\n\t\t\t\t<div class=\"elementor-widget-container\">\n\t\t\t\t\t<div class=\"elementor-image-box-wrapper\"><div class=\"elementor-image-box-content\"><h3 class=\"elementor-image-box-title\">El m\u00e1ximo respeto por nuestras comunidades<\/h3><p class=\"elementor-image-box-description\">Nuestras ra\u00edces son profundas, gracias a las comunidades vibrantes que nos apoyan. Retribuimos a nuestras comunidades locales mediante programas de alcance social y compartiendo tecnolog\u00eda, avances en la industria e innovaciones con nuestros socios productores. Juntos, crecemos m\u00e1s fuertes.<\/p><\/div><\/div>\t\t\t\t<\/div>\n\t\t\t\t<\/div>\n\t\t\t\t<\/div>\n\t\t\t\t<\/div>\n\t\t\t\t\t<\/div>\n\t\t\t\t<\/div>\n\t\t<div class=\"elementor-element elementor-element-cc0fb9e e-con-full elementor-hidden-desktop elementor-hidden-tablet e-flex e-con e-parent\" data-id=\"cc0fb9e\" data-element_type=\"container\" data-settings=\"{&quot;background_background&quot;:&quot;classic&quot;}\">\n\t\t\t\t<div class=\"elementor-element elementor-element-96cd05b elementor-widget elementor-widget-spacer\" data-id=\"96cd05b\" data-element_type=\"widget\" data-widget_type=\"spacer.default\">\n\t\t\t\t<div class=\"elementor-widget-container\">\n\t\t\t\t\t\t\t<div class=\"elementor-spacer\">\n\t\t\t<div class=\"elementor-spacer-inner\"><\/div>\n\t\t<\/div>\n\t\t\t\t\t\t<\/div>\n\t\t\t\t<\/div>\n\t\t\t\t<\/div>\n\t\t\t\t<\/div>","protected":false},"excerpt":{"rendered":"<p>Masters in quality, veterans in exotics. The Frutify Difference FAST Reactions. Guaranteed In the fast-paced world of fruit, speed absolutely matters. As a fast reacting well structured family-owned company with a solution-driven internal philosophy, we respond quick to your needs. Hence, just as we prioritize quality, communication is paramount in our operations. PREMIUM Quality, No [&hellip;]<\/p>","protected":false},"author":1,"featured_media":0,"parent":0,"menu_order":0,"comment_status":"closed","ping_status":"closed","template":"","meta":{"site-sidebar-layout":"no-sidebar","site-content-layout":"","ast-site-content-layout":"full-width-container","site-content-style":"default","site-sidebar-style":"default","ast-global-header-display":"","ast-banner-title-visibility":"","ast-main-header-display":"","ast-hfb-above-header-display":"","ast-hfb-below-header-display":"","ast-hfb-mobile-header-display":"","site-post-title":"disabled","ast-breadcrumbs-content":"","ast-featured-img":"disabled","footer-sml-layout":"","theme-transparent-header-meta":"enabled","adv-header-id-meta":"","stick-header-meta":"","header-above-stick-meta":"","header-main-stick-meta":"","header-below-stick-meta":"","astra-migrate-meta-layouts":"default","ast-page-background-enabled":"default","ast-page-background-meta":{"desktop":{"background-color":"var(--ast-global-color-4)","background-image":"","background-repeat":"repeat","background-position":"center center","background-size":"auto","background-attachment":"scroll","background-type":"","background-media":"","overlay-type":"","overlay-color":"","overlay-opacity":"","overlay-gradient":""},"tablet":{"background-color":"","background-image":"","background-repeat":"repeat","background-position":"center center","background-size":"auto","background-attachment":"scroll","background-type":"","background-media":"","overlay-type":"","overlay-color":"","overlay-opacity":"","overlay-gradient":""},"mobile":{"background-color":"","background-image":"","background-repeat":"repeat","background-position":"center center","background-size":"auto","background-attachment":"scroll","background-type":"","background-media":"","overlay-type":"","overlay-color":"","overlay-opacity":"","overlay-gradient":""}},"ast-content-background-meta":{"desktop":{"background-color":"var(--ast-global-color-5)","background-image":"","background-repeat":"repeat","background-position":"center center","background-size":"auto","background-attachment":"scroll","background-type":"","background-media":"","overlay-type":"","overlay-color":"","overlay-opacity":"","overlay-gradient":""},"tablet":{"background-color":"var(--ast-global-color-5)","background-image":"","background-repeat":"repeat","background-position":"center center","background-size":"auto","background-attachment":"scroll","background-type":"","background-media":"","overlay-type":"","overlay-color":"","overlay-opacity":"","overlay-gradient":""},"mobile":{"background-color":"var(--ast-global-color-5)","background-image":"","background-repeat":"repeat","background-position":"center center","background-size":"auto","background-attachment":"scroll","background-type":"","background-media":"","overlay-type":"","overlay-color":"","overlay-opacity":"","overlay-gradient":""}},"footnotes":""},"class_list":["post-1573","page","type-page","status-publish","hentry"],"yoast_head":"<!-- This site is optimized with the Yoast SEO plugin v24.8.1 - https:\/\/yoast.com\/wordpress\/plugins\/seo\/ -->\n<title>The Frutify difference - Frutify<\/title>\n<meta name=\"robots\" content=\"index, follow, max-snippet:-1, max-image-preview:large, max-video-preview:-1\" \/>\n<link rel=\"canonical\" href=\"https:\/\/frutifyexotics.com\/es\/the-frutify-difference\/\" \/>\n<meta property=\"og:locale\" content=\"es_ES\" \/>\n<meta property=\"og:type\" content=\"article\" \/>\n<meta property=\"og:title\" content=\"The Frutify difference - Frutify\" \/>\n<meta property=\"og:description\" content=\"Masters in quality, veterans in exotics. The Frutify Difference FAST Reactions. Guaranteed In the fast-paced world of fruit, speed absolutely matters. As a fast reacting well structured family-owned company with a solution-driven internal philosophy, we respond quick to your needs. Hence, just as we prioritize quality, communication is paramount in our operations. PREMIUM Quality, No [&hellip;]\" \/>\n<meta property=\"og:url\" content=\"https:\/\/frutifyexotics.com\/es\/the-frutify-difference\/\" \/>\n<meta property=\"og:site_name\" content=\"Frutify\" \/>\n<meta property=\"article:modified_time\" content=\"2025-02-20T13:42:44+00:00\" \/>\n<meta property=\"og:image\" content=\"https:\/\/frutifyexotics.com\/wp-content\/uploads\/elementor\/thumbs\/Favicon-Frutify-1-r141hxx9nuzkk7nn1nnxhpxpxsrj2f0zyxzt5kwhnm.png\" \/>\n<meta name=\"twitter:card\" content=\"summary_large_image\" \/>\n<meta name=\"twitter:label1\" content=\"Est. reading time\" \/>\n\t<meta name=\"twitter:data1\" content=\"2 minutos\" \/>\n<script type=\"application\/ld+json\" class=\"yoast-schema-graph\">{\"@context\":\"https:\/\/schema.org\",\"@graph\":[{\"@type\":\"WebPage\",\"@id\":\"https:\/\/frutifyexotics.com\/the-frutify-difference\/\",\"url\":\"https:\/\/frutifyexotics.com\/the-frutify-difference\/\",\"name\":\"The Frutify difference - Frutify\",\"isPartOf\":{\"@id\":\"https:\/\/frutifyexotics.com\/#website\"},\"primaryImageOfPage\":{\"@id\":\"https:\/\/frutifyexotics.com\/the-frutify-difference\/#primaryimage\"},\"image\":{\"@id\":\"https:\/\/frutifyexotics.com\/the-frutify-difference\/#primaryimage\"},\"thumbnailUrl\":\"https:\/\/frutifyexotics.com\/wp-content\/uploads\/elementor\/thumbs\/Favicon-Frutify-1-r141hxx9nuzkk7nn1nnxhpxpxsrj2f0zyxzt5kwhnm.png\",\"datePublished\":\"2025-02-03T14:09:32+00:00\",\"dateModified\":\"2025-02-20T13:42:44+00:00\",\"breadcrumb\":{\"@id\":\"https:\/\/frutifyexotics.com\/the-frutify-difference\/#breadcrumb\"},\"inLanguage\":\"es-PE\",\"potentialAction\":[{\"@type\":\"ReadAction\",\"target\":[\"https:\/\/frutifyexotics.com\/the-frutify-difference\/\"]}]},{\"@type\":\"ImageObject\",\"inLanguage\":\"es-PE\",\"@id\":\"https:\/\/frutifyexotics.com\/the-frutify-difference\/#primaryimage\",\"url\":\"https:\/\/frutifyexotics.com\/wp-content\/uploads\/elementor\/thumbs\/Favicon-Frutify-1-r141hxx9nuzkk7nn1nnxhpxpxsrj2f0zyxzt5kwhnm.png\",\"contentUrl\":\"https:\/\/frutifyexotics.com\/wp-content\/uploads\/elementor\/thumbs\/Favicon-Frutify-1-r141hxx9nuzkk7nn1nnxhpxpxsrj2f0zyxzt5kwhnm.png\"},{\"@type\":\"BreadcrumbList\",\"@id\":\"https:\/\/frutifyexotics.com\/the-frutify-difference\/#breadcrumb\",\"itemListElement\":[{\"@type\":\"ListItem\",\"position\":1,\"name\":\"Home\",\"item\":\"https:\/\/frutifyexotics.com\/\"},{\"@type\":\"ListItem\",\"position\":2,\"name\":\"The Frutify difference\"}]},{\"@type\":\"WebSite\",\"@id\":\"https:\/\/frutifyexotics.com\/#website\",\"url\":\"https:\/\/frutifyexotics.com\/\",\"name\":\"Frutify Exotics\",\"description\":\"We grow together\",\"publisher\":{\"@id\":\"https:\/\/frutifyexotics.com\/#organization\"},\"alternateName\":\"Frutify\",\"potentialAction\":[{\"@type\":\"SearchAction\",\"target\":{\"@type\":\"EntryPoint\",\"urlTemplate\":\"https:\/\/frutifyexotics.com\/?s={search_term_string}\"},\"query-input\":{\"@type\":\"PropertyValueSpecification\",\"valueRequired\":true,\"valueName\":\"search_term_string\"}}],\"inLanguage\":\"es-PE\"},{\"@type\":\"Organization\",\"@id\":\"https:\/\/frutifyexotics.com\/#organization\",\"name\":\"Frutify\",\"alternateName\":\"Frutify Exotics\",\"url\":\"https:\/\/frutifyexotics.com\/\",\"logo\":{\"@type\":\"ImageObject\",\"inLanguage\":\"es-PE\",\"@id\":\"https:\/\/frutifyexotics.com\/#\/schema\/logo\/image\/\",\"url\":\"https:\/\/frutifyexotics.com\/wp-content\/uploads\/2025\/01\/Logo-Frutify.png\",\"contentUrl\":\"https:\/\/frutifyexotics.com\/wp-content\/uploads\/2025\/01\/Logo-Frutify.png\",\"width\":450,\"height\":149,\"caption\":\"Frutify\"},\"image\":{\"@id\":\"https:\/\/frutifyexotics.com\/#\/schema\/logo\/image\/\"}}]}<\/script>\n<!-- \/ Yoast SEO plugin. -->","yoast_head_json":{"title":"The Frutify difference - Frutify","robots":{"index":"index","follow":"follow","max-snippet":"max-snippet:-1","max-image-preview":"max-image-preview:large","max-video-preview":"max-video-preview:-1"},"canonical":"https:\/\/frutifyexotics.com\/es\/the-frutify-difference\/","og_locale":"es_ES","og_type":"article","og_title":"The Frutify difference - Frutify","og_description":"Masters in quality, veterans in exotics. The Frutify Difference FAST Reactions. Guaranteed In the fast-paced world of fruit, speed absolutely matters. As a fast reacting well structured family-owned company with a solution-driven internal philosophy, we respond quick to your needs. Hence, just as we prioritize quality, communication is paramount in our operations. PREMIUM Quality, No [&hellip;]","og_url":"https:\/\/frutifyexotics.com\/es\/the-frutify-difference\/","og_site_name":"Frutify","article_modified_time":"2025-02-20T13:42:44+00:00","og_image":[{"url":"https:\/\/frutifyexotics.com\/wp-content\/uploads\/elementor\/thumbs\/Favicon-Frutify-1-r141hxx9nuzkk7nn1nnxhpxpxsrj2f0zyxzt5kwhnm.png","type":"","width":"","height":""}],"twitter_card":"summary_large_image","twitter_misc":{"Est. reading time":"2 minutos"},"schema":{"@context":"https:\/\/schema.org","@graph":[{"@type":"WebPage","@id":"https:\/\/frutifyexotics.com\/the-frutify-difference\/","url":"https:\/\/frutifyexotics.com\/the-frutify-difference\/","name":"The Frutify difference - Frutify","isPartOf":{"@id":"https:\/\/frutifyexotics.com\/#website"},"primaryImageOfPage":{"@id":"https:\/\/frutifyexotics.com\/the-frutify-difference\/#primaryimage"},"image":{"@id":"https:\/\/frutifyexotics.com\/the-frutify-difference\/#primaryimage"},"thumbnailUrl":"https:\/\/frutifyexotics.com\/wp-content\/uploads\/elementor\/thumbs\/Favicon-Frutify-1-r141hxx9nuzkk7nn1nnxhpxpxsrj2f0zyxzt5kwhnm.png","datePublished":"2025-02-03T14:09:32+00:00","dateModified":"2025-02-20T13:42:44+00:00","breadcrumb":{"@id":"https:\/\/frutifyexotics.com\/the-frutify-difference\/#breadcrumb"},"inLanguage":"es-PE","potentialAction":[{"@type":"ReadAction","target":["https:\/\/frutifyexotics.com\/the-frutify-difference\/"]}]},{"@type":"ImageObject","inLanguage":"es-PE","@id":"https:\/\/frutifyexotics.com\/the-frutify-difference\/#primaryimage","url":"https:\/\/frutifyexotics.com\/wp-content\/uploads\/elementor\/thumbs\/Favicon-Frutify-1-r141hxx9nuzkk7nn1nnxhpxpxsrj2f0zyxzt5kwhnm.png","contentUrl":"https:\/\/frutifyexotics.com\/wp-content\/uploads\/elementor\/thumbs\/Favicon-Frutify-1-r141hxx9nuzkk7nn1nnxhpxpxsrj2f0zyxzt5kwhnm.png"},{"@type":"BreadcrumbList","@id":"https:\/\/frutifyexotics.com\/the-frutify-difference\/#breadcrumb","itemListElement":[{"@type":"ListItem","position":1,"name":"Home","item":"https:\/\/frutifyexotics.com\/"},{"@type":"ListItem","position":2,"name":"The Frutify difference"}]},{"@type":"WebSite","@id":"https:\/\/frutifyexotics.com\/#website","url":"https:\/\/frutifyexotics.com\/","name":"Frutify Exotics","description":"We grow together","publisher":{"@id":"https:\/\/frutifyexotics.com\/#organization"},"alternateName":"Frutify","potentialAction":[{"@type":"SearchAction","target":{"@type":"EntryPoint","urlTemplate":"https:\/\/frutifyexotics.com\/?s={search_term_string}"},"query-input":{"@type":"PropertyValueSpecification","valueRequired":true,"valueName":"search_term_string"}}],"inLanguage":"es-PE"},{"@type":"Organization","@id":"https:\/\/frutifyexotics.com\/#organization","name":"Frutify","alternateName":"Frutify Exotics","url":"https:\/\/frutifyexotics.com\/","logo":{"@type":"ImageObject","inLanguage":"es-PE","@id":"https:\/\/frutifyexotics.com\/#\/schema\/logo\/image\/","url":"https:\/\/frutifyexotics.com\/wp-content\/uploads\/2025\/01\/Logo-Frutify.png","contentUrl":"https:\/\/frutifyexotics.com\/wp-content\/uploads\/2025\/01\/Logo-Frutify.png","width":450,"height":149,"caption":"Frutify"},"image":{"@id":"https:\/\/frutifyexotics.com\/#\/schema\/logo\/image\/"}}]}},"_links":{"self":[{"href":"https:\/\/frutifyexotics.com\/es\/wp-json\/wp\/v2\/pages\/1573","targetHints":{"allow":["GET"]}}],"collection":[{"href":"https:\/\/frutifyexotics.com\/es\/wp-json\/wp\/v2\/pages"}],"about":[{"href":"https:\/\/frutifyexotics.com\/es\/wp-json\/wp\/v2\/types\/page"}],"author":[{"embeddable":true,"href":"https:\/\/frutifyexotics.com\/es\/wp-json\/wp\/v2\/users\/1"}],"replies":[{"embeddable":true,"href":"https:\/\/frutifyexotics.com\/es\/wp-json\/wp\/v2\/comments?post=1573"}],"version-history":[{"count":0,"href":"https:\/\/frutifyexotics.com\/es\/wp-json\/wp\/v2\/pages\/1573\/revisions"}],"wp:attachment":[{"href":"https:\/\/frutifyexotics.com\/es\/wp-json\/wp\/v2\/media?parent=1573"}],"curies":[{"name":"wp","href":"https:\/\/api.w.org\/{rel}","templated":true}]}}