{"id":19,"date":"2025-01-19T17:35:30","date_gmt":"2025-01-19T17:35:30","guid":{"rendered":"https:\/\/frutifyexotics.com\/index.php\/about\/"},"modified":"2025-02-18T13:34:25","modified_gmt":"2025-02-18T13:34:25","slug":"about","status":"publish","type":"page","link":"http:\/\/frutifyexotics.com\/es\/about\/","title":{"rendered":"Nosotros"},"content":{"rendered":"<div data-elementor-type=\"wp-page\" data-elementor-id=\"19\" class=\"elementor elementor-19\">\n\t\t\t\t<div class=\"elementor-element elementor-element-7f922c6 e-flex e-con-boxed e-con e-parent\" data-id=\"7f922c6\" data-element_type=\"container\" data-settings=\"{&quot;background_background&quot;:&quot;classic&quot;,&quot;shape_divider_top&quot;:&quot;curve&quot;}\">\n\t\t\t\t\t<div class=\"e-con-inner\">\n\t\t\t\t<div class=\"elementor-shape elementor-shape-top\" data-negative=\"false\">\n\t\t\t<svg xmlns=\"http:\/\/www.w3.org\/2000\/svg\" viewbox=\"0 0 1000 100\" preserveaspectratio=\"none\">\n    <path class=\"elementor-shape-fill\" d=\"M1000,4.3V0H0v4.3C0.9,23.1,126.7,99.2,500,100S1000,22.7,1000,4.3z\"\/>\n<\/svg>\t\t<\/div>\n\t\t\t\t<div class=\"elementor-element elementor-element-7b2a6bc elementor-widget__width-initial elementor-widget elementor-widget-heading\" data-id=\"7b2a6bc\" data-element_type=\"widget\" data-widget_type=\"heading.default\">\n\t\t\t\t<div class=\"elementor-widget-container\">\n\t\t\t\t\t<p class=\"elementor-heading-title elementor-size-default\">Nosotros<\/p>\t\t\t\t<\/div>\n\t\t\t\t<\/div>\n\t\t\t\t<div class=\"elementor-element elementor-element-ad5efec elementor-widget__width-initial elementor-widget elementor-widget-heading\" data-id=\"ad5efec\" data-element_type=\"widget\" data-widget_type=\"heading.default\">\n\t\t\t\t<div class=\"elementor-widget-container\">\n\t\t\t\t\t<h1 class=\"elementor-heading-title elementor-size-default\">Crezcamos juntos<\/h1>\t\t\t\t<\/div>\n\t\t\t\t<\/div>\n\t\t\t\t\t<\/div>\n\t\t\t\t<\/div>\n\t\t<div class=\"elementor-element elementor-element-1f19cca e-flex e-con-boxed e-con e-parent\" data-id=\"1f19cca\" data-element_type=\"container\" data-settings=\"{&quot;background_background&quot;:&quot;classic&quot;}\">\n\t\t\t\t\t<div class=\"e-con-inner\">\n\t\t<div class=\"elementor-element elementor-element-a6c4c0a e-con-full e-flex e-con e-child\" data-id=\"a6c4c0a\" data-element_type=\"container\">\n\t\t\t\t<div class=\"elementor-element elementor-element-fa283f9 elementor-widget elementor-widget-heading\" data-id=\"fa283f9\" data-element_type=\"widget\" data-widget_type=\"heading.default\">\n\t\t\t\t<div class=\"elementor-widget-container\">\n\t\t\t\t\t<h2 class=\"elementor-heading-title elementor-size-default\">Tu elecci\u00f3n confiable, premium y sostenible para productos ex\u00f3ticos.<\/h2>\t\t\t\t<\/div>\n\t\t\t\t<\/div>\n\t\t\t\t<\/div>\n\t\t<div class=\"elementor-element elementor-element-3d7b73f e-con-full e-flex e-con e-child\" data-id=\"3d7b73f\" data-element_type=\"container\">\n\t\t\t\t<div class=\"elementor-element elementor-element-a19e392 elementor-widget elementor-widget-image-box\" data-id=\"a19e392\" data-element_type=\"widget\" data-widget_type=\"image-box.default\">\n\t\t\t\t<div class=\"elementor-widget-container\">\n\t\t\t\t\t<div class=\"elementor-image-box-wrapper\"><div class=\"elementor-image-box-content\"><p class=\"elementor-image-box-title\">En Fruitify Exotics, no solo cultivamos fruta, sino que creamos experiencias. Como especialistas en frutas ex\u00f3ticas, operamos nuestras propias fincas en el coraz\u00f3n del corredor Andino Central y colaboramos con productores certificados por <b>Global GAP<\/b>para garantizar los m\u00e1s altos est\u00e1ndares de seguridad alimentaria y responsabilidad social.<\/p><\/div><\/div>\t\t\t\t<\/div>\n\t\t\t\t<\/div>\n\t\t\t\t<div class=\"elementor-element elementor-element-0ab8459 elementor-widget elementor-widget-image-box\" data-id=\"0ab8459\" data-element_type=\"widget\" data-widget_type=\"image-box.default\">\n\t\t\t\t<div class=\"elementor-widget-container\">\n\t\t\t\t\t<div class=\"elementor-image-box-wrapper\"><div class=\"elementor-image-box-content\"><p class=\"elementor-image-box-description\">Desde perfeccionar el cultivo de variedades de Passiflora \u2014Granadilla, Maracuy\u00e1 Amarillo y Maracuy\u00e1 Morado\u2014 hasta dominar la producci\u00f3n de otras frutas ex\u00f3ticas como Physalis, Pitahaya y ar\u00e1ndanos (entre muchas otras en nuestra gama de productos), ofrecemos excelencia en cada etapa. Nuestra experiencia va m\u00e1s all\u00e1 de la producci\u00f3n, abarcando la gesti\u00f3n integral de exportaciones y de la cadena de suministro para garantizar operaciones sin contratiempos desde la finca hasta el mercado. Con comunicaci\u00f3n 24\/7 y un firme compromiso de hacer de tus necesidades nuestra prioridad, creamos soluciones personalizadas y fruct\u00edferas respaldadas por d\u00e9cadas de experiencia en la industria.<\/p><\/div><\/div>\t\t\t\t<\/div>\n\t\t\t\t<\/div>\n\t\t\t\t<\/div>\n\t\t\t\t\t<\/div>\n\t\t\t\t<\/div>\n\t\t<div class=\"elementor-element elementor-element-69b05ff e-flex e-con-boxed e-con e-parent\" data-id=\"69b05ff\" data-element_type=\"container\" data-settings=\"{&quot;background_background&quot;:&quot;classic&quot;}\">\n\t\t\t\t\t<div class=\"e-con-inner\">\n\t\t<div class=\"elementor-element elementor-element-799949e e-con-full e-flex e-con e-child\" data-id=\"799949e\" data-element_type=\"container\">\n\t\t\t\t<div class=\"elementor-element elementor-element-615d8ae elementor-widget__width-initial elementor-widget elementor-widget-heading\" data-id=\"615d8ae\" data-element_type=\"widget\" data-widget_type=\"heading.default\">\n\t\t\t\t<div class=\"elementor-widget-container\">\n\t\t\t\t\t<p class=\"elementor-heading-title elementor-size-default\">Forjando la excelencia de la finca al mercado.<\/p>\t\t\t\t<\/div>\n\t\t\t\t<\/div>\n\t\t\t\t<div class=\"elementor-element elementor-element-302ea05 elementor-widget elementor-widget-heading\" data-id=\"302ea05\" data-element_type=\"widget\" data-widget_type=\"heading.default\">\n\t\t\t\t<div class=\"elementor-widget-container\">\n\t\t\t\t\t<h2 class=\"elementor-heading-title elementor-size-default\">Crecemos juntos<\/h2>\t\t\t\t<\/div>\n\t\t\t\t<\/div>\n\t\t\t\t<\/div>\n\t\t<div class=\"elementor-element elementor-element-197e30f e-con-full e-flex e-con e-child\" data-id=\"197e30f\" data-element_type=\"container\">\n\t\t<div class=\"elementor-element elementor-element-f46ae64 e-flex e-con-boxed e-con e-child\" data-id=\"f46ae64\" data-element_type=\"container\">\n\t\t\t\t\t<div class=\"e-con-inner\">\n\t\t\t\t<div class=\"elementor-element elementor-element-0199248 elementor-widget elementor-widget-image-box\" data-id=\"0199248\" data-element_type=\"widget\" data-widget_type=\"image-box.default\">\n\t\t\t\t<div class=\"elementor-widget-container\">\n\t\t\t\t\t<div class=\"elementor-image-box-wrapper\"><div class=\"elementor-image-box-content\"><h3 class=\"elementor-image-box-title\">Fresco, Congelado, Org\u00e1nico: Sirviendo a mercados globales<\/h3><p class=\"elementor-image-box-description\">Frutify Exotics se especializa en los segmentos de productos frescos, congelados y org\u00e1nicos, orientados principalmente a los mercados de exportaci\u00f3n en la Uni\u00f3n Europea, Asia y Am\u00e9rica del Norte. Tambi\u00e9n contamos con una divisi\u00f3n industrial enfocada en pulpas y concentrados. <\/p><\/div><\/div>\t\t\t\t<\/div>\n\t\t\t\t<\/div>\n\t\t\t\t\t<\/div>\n\t\t\t\t<\/div>\n\t\t<div class=\"elementor-element elementor-element-a6305bb e-flex e-con-boxed e-con e-child\" data-id=\"a6305bb\" data-element_type=\"container\">\n\t\t\t\t\t<div class=\"e-con-inner\">\n\t\t\t\t<div class=\"elementor-element elementor-element-e3f0f83 elementor-widget elementor-widget-image-box\" data-id=\"e3f0f83\" data-element_type=\"widget\" data-widget_type=\"image-box.default\">\n\t\t\t\t<div class=\"elementor-widget-container\">\n\t\t\t\t\t<div class=\"elementor-image-box-wrapper\"><div class=\"elementor-image-box-content\"><h3 class=\"elementor-image-box-title\">Tu socio de confianza para calidad premium y distribuci\u00f3n sin contratiempos.<\/h3><p class=\"elementor-image-box-description\">Cuando se trata de frutas ex\u00f3ticas, Frutify es tu apuesta segura y tu socio preferido a largo plazo para obtener calidad premium y una distribuci\u00f3n impecable. <\/p><\/div><\/div>\t\t\t\t<\/div>\n\t\t\t\t<\/div>\n\t\t\t\t\t<\/div>\n\t\t\t\t<\/div>\n\t\t\t\t<\/div>\n\t\t\t\t\t<\/div>\n\t\t\t\t<\/div>\n\t\t<div class=\"elementor-element elementor-element-746703c e-con-full elementor-hidden-desktop elementor-hidden-tablet e-flex e-con e-parent\" data-id=\"746703c\" data-element_type=\"container\" data-settings=\"{&quot;background_background&quot;:&quot;classic&quot;}\">\n\t\t\t\t<div class=\"elementor-element elementor-element-791b419 elementor-widget elementor-widget-spacer\" data-id=\"791b419\" data-element_type=\"widget\" data-widget_type=\"spacer.default\">\n\t\t\t\t<div class=\"elementor-widget-container\">\n\t\t\t\t\t\t\t<div class=\"elementor-spacer\">\n\t\t\t<div class=\"elementor-spacer-inner\"><\/div>\n\t\t<\/div>\n\t\t\t\t\t\t<\/div>\n\t\t\t\t<\/div>\n\t\t\t\t<\/div>\n\t\t\t\t<\/div>","protected":false},"excerpt":{"rendered":"<p>ABOUT US We will grow together. Your Trusted, Premium, Sustainable Choice for Exotics At Fruitify Exotics, we don\u2019t just grow fruit\u2014we cultivate experiences. As specialists in exotic fruits, we operate our own farms in the heart of the Central Andean corridor and partner with Global GAP-certified growers to meet the highest Social and Food Safety [&hellip;]<\/p>","protected":false},"author":1,"featured_media":0,"parent":0,"menu_order":0,"comment_status":"closed","ping_status":"closed","template":"","meta":{"site-sidebar-layout":"no-sidebar","site-content-layout":"","ast-site-content-layout":"full-width-container","site-content-style":"default","site-sidebar-style":"default","ast-global-header-display":"","ast-banner-title-visibility":"","ast-main-header-display":"","ast-hfb-above-header-display":"","ast-hfb-below-header-display":"","ast-hfb-mobile-header-display":"","site-post-title":"disabled","ast-breadcrumbs-content":"","ast-featured-img":"disabled","footer-sml-layout":"","theme-transparent-header-meta":"enabled","adv-header-id-meta":"","stick-header-meta":"","header-above-stick-meta":"","header-main-stick-meta":"","header-below-stick-meta":"","astra-migrate-meta-layouts":"default","ast-page-background-enabled":"default","ast-page-background-meta":{"desktop":{"background-color":"var(--ast-global-color-4)","background-image":"","background-repeat":"repeat","background-position":"center center","background-size":"auto","background-attachment":"scroll","background-type":"","background-media":"","overlay-type":"","overlay-color":"","overlay-opacity":"","overlay-gradient":""},"tablet":{"background-color":"","background-image":"","background-repeat":"repeat","background-position":"center center","background-size":"auto","background-attachment":"scroll","background-type":"","background-media":"","overlay-type":"","overlay-color":"","overlay-opacity":"","overlay-gradient":""},"mobile":{"background-color":"","background-image":"","background-repeat":"repeat","background-position":"center center","background-size":"auto","background-attachment":"scroll","background-type":"","background-media":"","overlay-type":"","overlay-color":"","overlay-opacity":"","overlay-gradient":""}},"ast-content-background-meta":{"desktop":{"background-color":"var(--ast-global-color-5)","background-image":"","background-repeat":"repeat","background-position":"center center","background-size":"auto","background-attachment":"scroll","background-type":"","background-media":"","overlay-type":"","overlay-color":"","overlay-opacity":"","overlay-gradient":""},"tablet":{"background-color":"var(--ast-global-color-5)","background-image":"","background-repeat":"repeat","background-position":"center center","background-size":"auto","background-attachment":"scroll","background-type":"","background-media":"","overlay-type":"","overlay-color":"","overlay-opacity":"","overlay-gradient":""},"mobile":{"background-color":"var(--ast-global-color-5)","background-image":"","background-repeat":"repeat","background-position":"center center","background-size":"auto","background-attachment":"scroll","background-type":"","background-media":"","overlay-type":"","overlay-color":"","overlay-opacity":"","overlay-gradient":""}},"footnotes":""},"class_list":["post-19","page","type-page","status-publish","hentry"],"yoast_head":"<!-- This site is optimized with the Yoast SEO plugin v24.8.1 - https:\/\/yoast.com\/wordpress\/plugins\/seo\/ -->\n<title>About - Frutify<\/title>\n<meta name=\"robots\" content=\"index, follow, max-snippet:-1, max-image-preview:large, max-video-preview:-1\" \/>\n<link rel=\"canonical\" href=\"https:\/\/frutifyexotics.com\/es\/about\/\" \/>\n<meta property=\"og:locale\" content=\"es_ES\" \/>\n<meta property=\"og:type\" content=\"article\" \/>\n<meta property=\"og:title\" content=\"About - Frutify\" \/>\n<meta property=\"og:description\" content=\"ABOUT US We will grow together. Your Trusted, Premium, Sustainable Choice for Exotics At Fruitify Exotics, we don\u2019t just grow fruit\u2014we cultivate experiences. As specialists in exotic fruits, we operate our own farms in the heart of the Central Andean corridor and partner with Global GAP-certified growers to meet the highest Social and Food Safety [&hellip;]\" \/>\n<meta property=\"og:url\" content=\"https:\/\/frutifyexotics.com\/es\/about\/\" \/>\n<meta property=\"og:site_name\" content=\"Frutify\" \/>\n<meta property=\"article:modified_time\" content=\"2025-02-18T13:34:25+00:00\" \/>\n<meta property=\"og:image\" content=\"https:\/\/frutifyexotics.com\/wp-content\/uploads\/2025\/02\/Favicon-Frutify-1.png\" \/>\n\t<meta property=\"og:image:width\" content=\"300\" \/>\n\t<meta property=\"og:image:height\" content=\"350\" \/>\n\t<meta property=\"og:image:type\" content=\"image\/png\" \/>\n<meta name=\"twitter:card\" content=\"summary_large_image\" \/>\n<meta name=\"twitter:label1\" content=\"Est. reading time\" \/>\n\t<meta name=\"twitter:data1\" content=\"1 minuto\" \/>\n<script type=\"application\/ld+json\" class=\"yoast-schema-graph\">{\"@context\":\"https:\/\/schema.org\",\"@graph\":[{\"@type\":\"WebPage\",\"@id\":\"https:\/\/frutifyexotics.com\/about\/\",\"url\":\"https:\/\/frutifyexotics.com\/about\/\",\"name\":\"About - Frutify\",\"isPartOf\":{\"@id\":\"https:\/\/frutifyexotics.com\/#website\"},\"datePublished\":\"2025-01-19T17:35:30+00:00\",\"dateModified\":\"2025-02-18T13:34:25+00:00\",\"breadcrumb\":{\"@id\":\"https:\/\/frutifyexotics.com\/about\/#breadcrumb\"},\"inLanguage\":\"es-PE\",\"potentialAction\":[{\"@type\":\"ReadAction\",\"target\":[\"https:\/\/frutifyexotics.com\/about\/\"]}]},{\"@type\":\"BreadcrumbList\",\"@id\":\"https:\/\/frutifyexotics.com\/about\/#breadcrumb\",\"itemListElement\":[{\"@type\":\"ListItem\",\"position\":1,\"name\":\"Home\",\"item\":\"https:\/\/frutifyexotics.com\/\"},{\"@type\":\"ListItem\",\"position\":2,\"name\":\"About\"}]},{\"@type\":\"WebSite\",\"@id\":\"https:\/\/frutifyexotics.com\/#website\",\"url\":\"https:\/\/frutifyexotics.com\/\",\"name\":\"Frutify Exotics\",\"description\":\"We grow together\",\"publisher\":{\"@id\":\"https:\/\/frutifyexotics.com\/#organization\"},\"alternateName\":\"Frutify\",\"potentialAction\":[{\"@type\":\"SearchAction\",\"target\":{\"@type\":\"EntryPoint\",\"urlTemplate\":\"https:\/\/frutifyexotics.com\/?s={search_term_string}\"},\"query-input\":{\"@type\":\"PropertyValueSpecification\",\"valueRequired\":true,\"valueName\":\"search_term_string\"}}],\"inLanguage\":\"es-PE\"},{\"@type\":\"Organization\",\"@id\":\"https:\/\/frutifyexotics.com\/#organization\",\"name\":\"Frutify\",\"alternateName\":\"Frutify Exotics\",\"url\":\"https:\/\/frutifyexotics.com\/\",\"logo\":{\"@type\":\"ImageObject\",\"inLanguage\":\"es-PE\",\"@id\":\"https:\/\/frutifyexotics.com\/#\/schema\/logo\/image\/\",\"url\":\"https:\/\/frutifyexotics.com\/wp-content\/uploads\/2025\/01\/Logo-Frutify.png\",\"contentUrl\":\"https:\/\/frutifyexotics.com\/wp-content\/uploads\/2025\/01\/Logo-Frutify.png\",\"width\":450,\"height\":149,\"caption\":\"Frutify\"},\"image\":{\"@id\":\"https:\/\/frutifyexotics.com\/#\/schema\/logo\/image\/\"}}]}<\/script>\n<!-- \/ Yoast SEO plugin. -->","yoast_head_json":{"title":"About - Frutify","robots":{"index":"index","follow":"follow","max-snippet":"max-snippet:-1","max-image-preview":"max-image-preview:large","max-video-preview":"max-video-preview:-1"},"canonical":"https:\/\/frutifyexotics.com\/es\/about\/","og_locale":"es_ES","og_type":"article","og_title":"About - Frutify","og_description":"ABOUT US We will grow together. Your Trusted, Premium, Sustainable Choice for Exotics At Fruitify Exotics, we don\u2019t just grow fruit\u2014we cultivate experiences. As specialists in exotic fruits, we operate our own farms in the heart of the Central Andean corridor and partner with Global GAP-certified growers to meet the highest Social and Food Safety [&hellip;]","og_url":"https:\/\/frutifyexotics.com\/es\/about\/","og_site_name":"Frutify","article_modified_time":"2025-02-18T13:34:25+00:00","og_image":[{"width":300,"height":350,"url":"https:\/\/frutifyexotics.com\/wp-content\/uploads\/2025\/02\/Favicon-Frutify-1.png","type":"image\/png"}],"twitter_card":"summary_large_image","twitter_misc":{"Est. reading time":"1 minuto"},"schema":{"@context":"https:\/\/schema.org","@graph":[{"@type":"WebPage","@id":"https:\/\/frutifyexotics.com\/about\/","url":"https:\/\/frutifyexotics.com\/about\/","name":"About - Frutify","isPartOf":{"@id":"https:\/\/frutifyexotics.com\/#website"},"datePublished":"2025-01-19T17:35:30+00:00","dateModified":"2025-02-18T13:34:25+00:00","breadcrumb":{"@id":"https:\/\/frutifyexotics.com\/about\/#breadcrumb"},"inLanguage":"es-PE","potentialAction":[{"@type":"ReadAction","target":["https:\/\/frutifyexotics.com\/about\/"]}]},{"@type":"BreadcrumbList","@id":"https:\/\/frutifyexotics.com\/about\/#breadcrumb","itemListElement":[{"@type":"ListItem","position":1,"name":"Home","item":"https:\/\/frutifyexotics.com\/"},{"@type":"ListItem","position":2,"name":"About"}]},{"@type":"WebSite","@id":"https:\/\/frutifyexotics.com\/#website","url":"https:\/\/frutifyexotics.com\/","name":"Frutify Exotics","description":"We grow together","publisher":{"@id":"https:\/\/frutifyexotics.com\/#organization"},"alternateName":"Frutify","potentialAction":[{"@type":"SearchAction","target":{"@type":"EntryPoint","urlTemplate":"https:\/\/frutifyexotics.com\/?s={search_term_string}"},"query-input":{"@type":"PropertyValueSpecification","valueRequired":true,"valueName":"search_term_string"}}],"inLanguage":"es-PE"},{"@type":"Organization","@id":"https:\/\/frutifyexotics.com\/#organization","name":"Frutify","alternateName":"Frutify Exotics","url":"https:\/\/frutifyexotics.com\/","logo":{"@type":"ImageObject","inLanguage":"es-PE","@id":"https:\/\/frutifyexotics.com\/#\/schema\/logo\/image\/","url":"https:\/\/frutifyexotics.com\/wp-content\/uploads\/2025\/01\/Logo-Frutify.png","contentUrl":"https:\/\/frutifyexotics.com\/wp-content\/uploads\/2025\/01\/Logo-Frutify.png","width":450,"height":149,"caption":"Frutify"},"image":{"@id":"https:\/\/frutifyexotics.com\/#\/schema\/logo\/image\/"}}]}},"_links":{"self":[{"href":"http:\/\/frutifyexotics.com\/es\/wp-json\/wp\/v2\/pages\/19","targetHints":{"allow":["GET"]}}],"collection":[{"href":"http:\/\/frutifyexotics.com\/es\/wp-json\/wp\/v2\/pages"}],"about":[{"href":"http:\/\/frutifyexotics.com\/es\/wp-json\/wp\/v2\/types\/page"}],"author":[{"embeddable":true,"href":"http:\/\/frutifyexotics.com\/es\/wp-json\/wp\/v2\/users\/1"}],"replies":[{"embeddable":true,"href":"http:\/\/frutifyexotics.com\/es\/wp-json\/wp\/v2\/comments?post=19"}],"version-history":[{"count":0,"href":"http:\/\/frutifyexotics.com\/es\/wp-json\/wp\/v2\/pages\/19\/revisions"}],"wp:attachment":[{"href":"http:\/\/frutifyexotics.com\/es\/wp-json\/wp\/v2\/media?parent=19"}],"curies":[{"name":"wp","href":"https:\/\/api.w.org\/{rel}","templated":true}]}}